{"id":1354,"date":"2025-12-25T05:03:28","date_gmt":"2025-12-25T05:03:28","guid":{"rendered":"https:\/\/getlead.be\/?page_id=1354"},"modified":"2025-12-30T05:43:24","modified_gmt":"2025-12-30T05:43:24","slug":"google-ads-meta-ads-microsoft-advertising-linkedin-ads","status":"publish","type":"page","link":"https:\/\/getlead.be\/es\/services\/google-ads-meta-ads-microsoft-advertising-linkedin-ads\/","title":{"rendered":"Google Ads, Meta Ads, Microsoft Advertising y LinkedIn Ads"},"content":{"rendered":"<h1>Multi-Platform Performance Advertising : Google Ads, Meta Ads, Microsoft Advertising &#038; LinkedIn Ads<\/h1>\t\t\t\t\t\n\t\t\t<p>Planificamos, creamos y optimizamos la publicidad de resultados a trav\u00e9s de <strong>Anuncios Google<\/strong>, <strong>Meta Ads<\/strong>,<strong> Microsoft Advertising<\/strong>, y <strong>LinkedIn Ads<\/strong>. Dise\u00f1amos cada campa\u00f1a pensando en la intenci\u00f3n correcta, leads de alta calidad y crecimiento medible.\nUnimos experiencia en plataformas, estrategia centrada en conversi\u00f3n y optimizaci\u00f3n continua para generar oportunidades reales de negocio.<strong> Resultados medibles y consistentes<\/strong>.<\/p>\t\t\n\t<a href=\"https:\/\/calendly.com\/nathan-fjc\/30min\" onclick=\"Calendly.initPopupWidget({url: &#039;https:\/\/calendly.com\/nathan-fjc&#039;});return false;\" target=\"_blank\" rel=\"noopener\">Agenda una reuni\u00f3n<\/a>\n\t\t\t\t<img decoding=\"async\" src=\"https:\/\/getlead.be\/wp-content\/uploads\/2025\/12\/multi-platform-advertising.png\" alt=\"multi-platform-advertising\" itemprop=\"image\" height=\"528\" width=\"554\" title=\"publicidad multiplataforma\" onerror=\"this.style.display='none'\" loading=\"lazy\" \/>\n<h2  data-animation-delay=\"0\" data-animation-duration=\"1\">\n\t\t\tPlataformas donde potenciamos tu publicidad\t<\/h2>\n\t\t\t\t\t\t<h4>Publicidad en Google<\/h4>\t\t\t\t\t\n\t\t\t<p>Convertimos la intenci\u00f3n de b\u00fasqueda en oportunidades reales de negocio.\nAlcanzamos a prospectos con alta intenci\u00f3n y los transformamos en leads calificados.\nGetLead fue creada por tres estrategas especializados en Google Ads.<\/p>\t\t\n\t\t\t\t\t\t<h4>Microsoft Advertising (Bing)<\/h4>\t\t\t\t\t\n\t\t\t<p>Un entorno con menor nivel de competencia y audiencias B2B de alto valor, que permite optimizar el costo por lead.\nMicrosoft Bing, aunque muchas veces pasado por alto, puede ofrecer resultados s\u00f3lidos en estrategias espec\u00edficas.<\/p>\t\t\n\t\t\t\t\t\t<h4>Meta Ads (Facebook &#038; Instagram)<\/h4>\t\t\t\t\t\n\t\t\t<p>Creamos demanda, implementamos retargeting inteligente y dise\u00f1amos funnels escalables que convierten inter\u00e9s en oportunidades reales de negocio.\nLas redes sociales son un canal imprescindible para competir y crecer a largo plazo.<\/p>\t\t\n\t\t\t\t\t\t<h4>Publicidad en LinkedIn<\/h4>\t\t\t\t\t\n\t\t\t<p>Llegamos directamente a los decisores clave mediante segmentaci\u00f3n B2B avanzada, ideal para ventas complejas y servicios premium.\nLa publicidad dirigida a empresas impulsa asociaciones estrat\u00e9gicas y oportunidades de negocio de alta calidad.<\/p>\t\t\n<h2>\n\t\t\tHow we approach your business&#8217;s online growth\t<\/h2>\n\t\t\t\t\t\t\t<img loading=\"lazy\" decoding=\"async\" src=\"https:\/\/getlead.be\/wp-content\/uploads\/2025\/12\/ion_layers.svg\" alt=\"ion_layers\" width=\"55\" height=\"55\" \/>\n\t\t\t\t\t\t<h3>1. Business &#038; Funnel Alignment<\/h3>\t\t\t\t\t\n\t\t\t<p>No empezamos por las plataformas. Empezamos por tus m\u00e1rgenes, tu proceso comercial y la calidad del lead.<\/p>\t\t\n\t\t\t\t\t\t\t<img loading=\"lazy\" decoding=\"async\" src=\"https:\/\/getlead.be\/wp-content\/uploads\/2025\/12\/network.svg\" alt=\"network\" width=\"45\" height=\"48\" \/>\n\t\t\t\t\t\t<h3>2. Platform Strategy &#038; Setup<\/h3>\t\t\t\t\t\n\t\t\t<p>Definimos el rol espec\u00edfico de Google, Meta, Microsoft y LinkedIn dentro de tu estrategia de crecimiento.<\/p>\t\t\n\t\t\t\t\t\t\t<img loading=\"lazy\" decoding=\"async\" src=\"https:\/\/getlead.be\/wp-content\/uploads\/2025\/12\/mdi_circular-arrows.svg\" alt=\"mdi_circular-arrows\" width=\"55\" height=\"55\" \/>\n\t\t\t\t\t\t<h3>3. Continuous Testing &#038; Learning<\/h3>\t\t\t\t\t\n\t\t\t<p>Probamos anuncios, audiencias y embudos semanalmente. Guiados por datos de usuarios reales extra\u00eddos de tus plataformas.<\/p>\t\t\n\t\t\t\t\t\t\t<img loading=\"lazy\" decoding=\"async\" src=\"https:\/\/getlead.be\/wp-content\/uploads\/2025\/12\/streamline_decent-work-and-economic-growth-solid.svg\" alt=\"streamline_decent-work-and-economic-growth-solid\" width=\"45\" height=\"45\" \/>\n\t\t\t\t\t\t<h3>4. Optimization &#038; Scaling<\/h3>\t\t\t\t\t\n\t\t\t<p>What works gets scaled continuously. What doesn&#8217;t, gets carefully fixed or removed.<\/p>\t\t\n<h2>\n\t\t\tWhy most ad agencies don&#8217;t work (and why we&#8217;re different)\t<\/h2>\n<h3>\n\t\t\tCompetidores\t<\/h3>\n<h2>\n\t\t\tLo que hacen la mayor\u00eda de las agencias\t<\/h2>\n\t<ul>\n\t\t\t<li>\n\t\t\t\tCentrarse en el gasto y no en el rendimiento\n\t\t\t<\/li>\n\t\t\t<li>\n\t\t\t\tReportes con datos, pero sin verdadera visi\u00f3n estrat\u00e9gica\n\t\t\t<\/li>\n\t\t\t<li>\n\t\t\t\tContratos a largo plazo con rendimiento decreciente\n\t\t\t<\/li>\n\t\t\t<li>\n\t\t\t\tOptimizaci\u00f3n de los clics en lugar de impulsar el negocio\n\t\t\t<\/li>\n\t\t<\/ul>\n\t<strong>El resultado:<br \/>\n<\/strong>Las campa\u00f1as siguen su curso y los presupuestos aumentan considerablemente, pero la claridad, el aprendizaje y el crecimiento sostenible rara vez llegan despu\u00e9s.<strong><br \/>\n<\/strong>\n\t\t\t\t<img decoding=\"async\" src=\"https:\/\/getlead.be\/wp-content\/uploads\/2024\/06\/getlead_logo-highres.png\" alt=\"getlead_logo-highres\" itemprop=\"image\" height=\"80\" width=\"339\" title=\"getlead_logo-highres\" onerror=\"this.style.display='none'\" loading=\"lazy\" \/>\n<h2>\n\t\t\tCreemos que los anuncios deben\t<\/h2>\n\t<ul>\n\t\t\t<li>\n\t\t\t\tAnuncios que apoyan su proceso de venta real \n\t\t\t<\/li>\n\t\t\t<li>\n\t\t\t\tMejora continua mediante datos reales de los usuarios \n\t\t\t<\/li>\n\t\t\t<li>\n\t\t\t\tDecisiones transparentes y explicables\n\t\t\t<\/li>\n\t\t\t<li>\n\t\t\t\tUna verdadera asociaci\u00f3n, no una relaci\u00f3n de proveedor\n\t\t\t<\/li>\n\t\t<\/ul>\n\t<strong>El resultado:<br \/>\n<\/strong>Cada campa\u00f1a ofrece informaci\u00f3n, mejoras e impulso, lo que se traduce en un crecimiento previsible de los clientes potenciales que puede ampliar con total confianza.\n<h2>\n\t\t\tLet&#8217;s remove the noise. Here&#8217;s what actually drives performance.\t<\/h2>\n\t<p>Running ads across multiple platforms isn&#8217;t the problem. The problem is when those platforms don&#8217;t work together, and no one owns the full picture.<\/p>\n<h3>\n\t\t\tDe lo que est\u00e1s cansado:\t<\/h3>\n\t<ul>\n\t\t\t<li>\n\t\t\t\tLas agencias se centran en gastar presupuesto en vez de en aumentar los resultados\n\t\t\t<\/li>\n\t\t\t<li>\n\t\t\t\tInformes que explican lo sucedido, pero nunca qu\u00e9 hacer a continuaci\u00f3n\n\t\t\t<\/li>\n\t\t\t<li>\n\t\t\t\tEstrategias gen\u00e9ricas aplicadas a empresas muy diferentes\n\t\t\t<\/li>\n\t\t<\/ul>\n<h3>\n\t\t\tLo que busca:\t<\/h3>\n\t<ul>\n\t\t\t<li>\n\t\t\t\tUn socio que se responsabiliza del rendimiento, no s\u00f3lo de la ejecuci\u00f3n\n\t\t\t<\/li>\n\t\t\t<li>\n\t\t\t\tDecisiones claras respaldadas por datos reales y experiencia en la plataforma\n\t\t\t<\/li>\n\t\t\t<li>\n\t\t\t\tUn sistema de adquisici\u00f3n escalable que mejora mes a mes\n\t\t\t<\/li>\n\t\t<\/ul>\n\t\t\t\t\t\t<h4>\u00a1Sea el pr\u00f3ximo en prosperar con nosotros!<\/h4>\t\t\t\t\t\n\t\t\t<p>Solicite presupuesto o p\u00f3ngase en contacto con nosotros<\/p>\t\t\n\t\t\t\t<a href=\"\/contact\" role=\"button\" target=\"_self\">\n\t\t\t\t\t\t\t\t\t\tP\u00f3ngase en contacto con nosotros\n\t\t\t\t\t\t\t\t\t<\/a>\n\t\t30+\n\t\t\t\t\tSuccessful lead generation campaigns launched\n\t\t150+\n\t\t\t\t\tGoogle &#038; Meta Ads campaigns managed\n\t\t95%\n\t\t\t\t\tCampaigns improved after the first 90 days\n\t\t100+\n\t\t\t\t\tHigh-intent lead funnels built and optimized\n<h2>\n\t\t\tMenos promesas, m\u00e1s resultados.\t<\/h2>\n\t\t<!-- Slides wrapper -->\n\t\t\t\t\t\t<cite>\n\t\t\t\t\t\t\tAxel Saerens\n\t<i>\u2605<\/i><i>\u2605<\/i><i>\u2605<\/i><i>\u2605<\/i><i>\u2605<\/i>\t\t\t\t\t\t\tCliente\n\t\t\t\t\t\t<\/cite>\n\t\t\t\t\t\t\t<p>Conoc\u00ed a los chicos de Get Lead durante un proyecto de Google Ads en Portugal. Aquello result\u00f3 ser el principio de una valiosa conexi\u00f3n profesional.<br \/><br \/>Since then, we&#8217;ve each gone our own way in the marketing world, but our paths cross regularly, even if it&#8217;s just for a chat.<br \/><br \/>What I especially appreciate about Get Lead is their direct communication, reliable approach, and shared ambition to deliver high-quality results. It&#8217;s always a pleasure to work with them.<\/p>\t\t\t\t\t\t\n\t\t\t\t\t\t<cite>\n\t\t\t\t\t\t\tNeal de Vreede\n\t<i>\u2605<\/i><i>\u2605<\/i><i>\u2605<\/i><i>\u2605<\/i><i>\u2605<\/i>\t\t\t\t\t\t\tCliente\n\t\t\t\t\t\t<\/cite>\n\t\t\t\t\t\t\t<p>Working with Get Lead is always a joy. The three men are incredibly enthusiastic, communicate quickly and clearly, and-equally important-do exactly what they promise. At APEACE Web Design &amp; Online Marketing, I&#8217;m thrilled to work with them as a dedicated partner for setting up and optimizing effective Google Ads campaigns. Thanks to their expertise and proactive approach, we achieve concrete results for our clients and can quickly scale campaigns where needed. In short: a reliable and enjoyable partner to work with!<\/p>\t\t\t\t\t\t\n\t\t\t\t\t\t<cite>\n\t\t\t\t\t\t\tSistema de extinci\u00f3n Xaralyn Clean\n\t<i>\u2605<\/i><i>\u2605<\/i><i>\u2605<\/i><i>\u2605<\/i><i>\u2605<\/i>\t\t\t\t\t\t\tCliente\n\t\t\t\t\t\t<\/cite>\n\t\t\t\t\t\t\t<p>We were looking for a reliable partner to help us with Google Ads-someone who wouldn&#8217;t take everything off our hands, but would brainstorm with us and discuss current and new campaigns. We found Get Lead through Matthias. We&#8217;re really enjoying working with them. The team is engaged, actively contributes ideas, and takes the time to understand what we want to achieve. They&#8217;re easy to reach, contribute fresh ideas, and make for a pleasant collaboration. They&#8217;re a truly young and enthusiastic team that we can confidently build with! Thanks, Matthias, Sander, and Nathan!<\/p>\t\t\t\t\t\t\n\t\t\t\t\t\t<cite>\n\t\t\t\t\t\t\tCharlotte Coppens\n\t<i>\u2605<\/i><i>\u2605<\/i><i>\u2605<\/i><i>\u2605<\/i><i>\u2605<\/i>\t\t\t\t\t\t\t\n\t\t\t\t\t\t<\/cite>\n\t\t\t\t\t\t\t<p>I stumbled across Get Lead. What a commitment from this young, knowledgeable company. Highly recommended for anyone looking for a personalized approach to marketing and everything related to it. This young team is clearly surrounded by people with specific expertise. They don&#8217;t sell contracts; they listen to your goals and work towards them. Really great! Thanks!<\/p>\t\t\t\t\t\t\n\t\t\t\t\t\t<cite>\n\t\t\t\t\t\t\tAnn Gheysen\n\t<i>\u2605<\/i><i>\u2605<\/i><i>\u2605<\/i><i>\u2605<\/i><i>\u2605<\/i>\t\t\t\t\t\t\t\n\t\t\t\t\t\t<\/cite>\n\t\t\t\t\t\t\t<p>It&#8217;s been a wonderful collaboration with Nathan and his team! They&#8217;ve truly made a difference for my business. I especially appreciate how well they cater to their clients&#8217; specific needs-they listen, think along with you, and are fully committed to achieving the best results. Highly recommended for anyone looking for a reliable and professional marketing partner!<\/p>\t\t\t\t\t\t\n\t\t\t\t\t\t<cite>\n\t\t\t\t\t\t\tJacco Valkenburg\n\t\t\t\t\t\t<\/cite>\n\t\t\t\t\t\t\t<p>Muy satisfechos con la colaboraci\u00f3n. Ofrecen un pensamiento estrat\u00e9gico, responden con rapidez y las campa\u00f1as est\u00e1n visiblemente mejor optimizadas. Excelente comunicaci\u00f3n y resultados notables. Muy recomendable para cualquiera que se tome en serio el crecimiento de su negocio de EAE.<\/p>\t\t\t\t\t\t\n\t\t\t\t\t\t<cite>\n\t\t\t\t\t\t\t Lonneke Pinckaers &#8211; van der Avoort\n\t<i>\u2605<\/i><i>\u2605<\/i><i>\u2605<\/i><i>\u2605<\/i><i>\u2605<\/i>\t\t\t\t\t\t\t\n\t\t\t\t\t\t<\/cite>\n\t\t\t\t\t\t\t<p>We&#8217;re thrilled to have you as a top-notch marketing company! Your service is always excellent, and no question is too much trouble. For online advertising, you couldn&#8217;t ask for a better partner!<\/p>\t\t\t\t\t\t\n\t\t\t\t<!-- Pagination, if required -->\n<h2>\n\t\t\tHow we approach your business&#8217;s online growth\t<\/h2>\n\t\t\t\t\t\t<h3>Optimizaci\u00f3n de la tasa de conversi\u00f3n<\/h3>\t\t\t\t\t\n\t\t\t<p>We optimize your websites and funnels where it&#8217;s needed, to level up your business.<\/p>\t\t\n\t\t\t\t<a href=\"https:\/\/getlead.be\/services\/cro\" role=\"button\" target=\"_self\">\n\t\t\t\t\t\t\t\t\t\tVisitar el servicio\n\t\t\t\t\t\t\t\t\t<\/a>\n\t\t\t\t\t\t<h3>Consultor\u00eda estrat\u00e9gica de marketing<\/h3>\t\t\t\t\t\n\t\t\t<p>Ayudamos a su empresa a crecer con un asesoramiento a medida, basado en sus necesidades y deseos.<\/p>\t\t\n\t\t\t\t<a href=\"https:\/\/getlead.be\/services\/marketing-strategy-consulting\" role=\"button\" target=\"_self\">\n\t\t\t\t\t\t\t\t\t\tVisitar el servicio\n\t\t\t\t\t\t\t\t\t<\/a>\n\t\t\t\t\t\t<h3>Servicios asociados<\/h3>\t\t\t\t\t\n\t\t\t<p>Desde el dise\u00f1o web hasta la promoci\u00f3n de eventos, trabajamos con profesionales que pueden ayudarle a alcanzar el \u00e9xito.<\/p>\t\t\n\t\t\t\t<a href=\"https:\/\/getlead.be\/services\/partner-services\/\" role=\"button\" target=\"_self\">\n\t\t\t\t\t\t\t\t\t\tVisitar el servicio\n\t\t\t\t\t\t\t\t\t<\/a>\n<h2>\n\t\t\tLos clientes a los que hemos ayudado a alcanzar sus objetivos y logros en l\u00ednea.\t<\/h2>\n\t<a href=\"\" onclick=\"Calendly.initPopupWidget({url: 'https:\/\/calendly.com\/nathan-fjc'});return false;\">Agenda una reuni\u00f3n <img decoding=\"async\" src=\"\/wp-content\/uploads\/2024\/06\/flecha-derecha.svg\"\/><\/a>\n\t<meta itemscope itemprop=\"mainEntityOfPage\" itemtype=\"https:\/\/schema.org\/WebPage\" itemid=\"https:\/\/getlead.be\/cases\/how-we-scaled-this-account-to-6-figures-in-3-months-time\/\" content=\"How we scaled this account to 6 figures in 3 months time\" \/><meta itemprop=\"datePublished\" content=\"2025-12-01\" \/><meta itemprop=\"dateModified\" content=\"2025-12-16\" \/><meta itemprop=\"name\" content=\"getlead.be\"\/><meta itemprop=\"url\" content=\"https:\/\/getlead.be\/author\/sander\/\" \/><meta itemprop=\"name\" content=\"Sander\" \/><meta itemprop=\"url\" content=\"https:\/\/getlead.be\/wp-content\/uploads\/2025\/12\/Where-we-took-over-scaled.png\" \/><meta itemprop=\"width\" content=\"2560\" \/><meta itemprop=\"height\" content=\"849\" \/><meta itemprop=\"interactionType\" content=\"https:\/\/schema.org\/CommentAction\" \/><meta itemprop=\"userInteractionCount\" content=\"0\" \/><a href=\"https:\/\/getlead.be\/cases\/how-we-scaled-this-account-to-6-figures-in-3-months-time\/\">\n            Fireplace Specialist Brand\n            How we scaled to 6 digits at ROAS 11.9 in 3 months\n<\/a>\n\t<meta itemscope itemprop=\"mainEntityOfPage\" itemtype=\"https:\/\/schema.org\/WebPage\" itemid=\"https:\/\/getlead.be\/cases\/how-we-tripled-revenue-for-homewell-products-in-under-a-year\/\" content=\"How We Tripled Revenue for Homewell Products in Under a Year\" \/><meta itemprop=\"datePublished\" content=\"2025-07-05\" \/><meta itemprop=\"dateModified\" content=\"2025-12-08\" \/><meta itemprop=\"name\" content=\"getlead.be\"\/><meta itemprop=\"url\" content=\"https:\/\/getlead.be\/author\/sander\/\" \/><meta itemprop=\"name\" content=\"Sander\" \/><meta itemprop=\"url\" content=\"https:\/\/getlead.be\/wp-content\/uploads\/2024\/06\/deltasafetytraining.png\" \/><meta itemprop=\"width\" content=\"347\" \/><meta itemprop=\"height\" content=\"346\" \/><meta itemprop=\"interactionType\" content=\"https:\/\/schema.org\/CommentAction\" \/><meta itemprop=\"userInteractionCount\" content=\"0\" \/><a href=\"https:\/\/getlead.be\/cases\/how-we-tripled-revenue-for-homewell-products-in-under-a-year\/\">\n            Homewell Products\n            How we tripled revenue in under a year\n<\/a>\n\t<meta itemscope itemprop=\"mainEntityOfPage\" itemtype=\"https:\/\/schema.org\/WebPage\" itemid=\"https:\/\/getlead.be\/cases\/when-a-client-paused-we-stood-by-them\/\" content=\"When a client paused, we stood by them.\" \/><meta itemprop=\"datePublished\" content=\"2025-04-17\" \/><meta itemprop=\"dateModified\" content=\"2025-04-17\" \/><meta itemprop=\"name\" content=\"getlead.be\"\/><meta itemprop=\"url\" content=\"https:\/\/getlead.be\/author\/sea-getleadgmail-com\/\" \/><meta itemprop=\"name\" content=\"sea.getlead@gmail.com\" \/><meta itemprop=\"interactionType\" content=\"https:\/\/schema.org\/CommentAction\" \/><meta itemprop=\"userInteractionCount\" content=\"0\" \/><a href=\"https:\/\/getlead.be\/cases\/when-a-client-paused-we-stood-by-them\/\">\n            Global Real Estate client\n            When partnership comes first\n<\/a>\n\t<meta itemscope itemprop=\"mainEntityOfPage\" itemtype=\"https:\/\/schema.org\/WebPage\" itemid=\"https:\/\/getlead.be\/cases\/when-a-plastic-surgeon-said-i-want-growth-but-i-dont-trust-agencies-heres-what-happened\/\" content=\"Belgian Beauty Clinic\" \/><meta itemprop=\"datePublished\" content=\"2025-04-08\" \/><meta itemprop=\"dateModified\" content=\"2025-04-16\" \/><meta itemprop=\"name\" content=\"getlead.be\"\/><meta itemprop=\"url\" content=\"https:\/\/getlead.be\/author\/sea-getleadgmail-com\/\" \/><meta itemprop=\"name\" content=\"sea.getlead@gmail.com\" \/><meta itemprop=\"interactionType\" content=\"https:\/\/schema.org\/CommentAction\" \/><meta itemprop=\"userInteractionCount\" content=\"0\" \/><a href=\"https:\/\/getlead.be\/cases\/when-a-plastic-surgeon-said-i-want-growth-but-i-dont-trust-agencies-heres-what-happened\/\">\n            Belgian Beauty Clinic\n            SEA Improvement &#038; Ads Strategy\n<\/a>\n\t<meta itemscope itemprop=\"mainEntityOfPage\" itemtype=\"https:\/\/schema.org\/WebPage\" itemid=\"https:\/\/getlead.be\/cases\/recruiter-university\/\" content=\"Recruiter University\" \/><meta itemprop=\"datePublished\" content=\"2024-06-30\" \/><meta itemprop=\"dateModified\" content=\"2024-07-14\" \/><meta itemprop=\"name\" content=\"getlead.be\"\/><meta itemprop=\"url\" content=\"https:\/\/getlead.be\/author\/jordenvg-zakelijkgmail-com\/\" \/><meta itemprop=\"name\" content=\"jordenvg.zakelijk@gmail.com\" \/><meta itemprop=\"interactionType\" content=\"https:\/\/schema.org\/CommentAction\" \/><meta itemprop=\"userInteractionCount\" content=\"0\" \/><a href=\"https:\/\/getlead.be\/cases\/recruiter-university\/\">\n            Recruiter University\n            SEA Improvement and optimization\n<\/a>\n\t<meta itemscope itemprop=\"mainEntityOfPage\" itemtype=\"https:\/\/schema.org\/WebPage\" itemid=\"https:\/\/getlead.be\/cases\/kentron-real-estate-agency\/\" content=\"Kentron Real Estate Agency\" \/><meta itemprop=\"datePublished\" content=\"2024-06-15\" \/><meta itemprop=\"dateModified\" content=\"2024-07-17\" \/><meta itemprop=\"name\" content=\"getlead.be\"\/><meta itemprop=\"url\" content=\"https:\/\/getlead.be\/author\/jordenvg-zakelijkgmail-com\/\" \/><meta itemprop=\"name\" content=\"jordenvg.zakelijk@gmail.com\" \/><meta itemprop=\"interactionType\" content=\"https:\/\/schema.org\/CommentAction\" \/><meta itemprop=\"userInteractionCount\" content=\"0\" \/><a href=\"https:\/\/getlead.be\/cases\/kentron-real-estate-agency\/\">\n            Kentron Real Estate Agency\n            SEA Improvement and Optimization\n<\/a>\n\t<meta itemscope itemprop=\"mainEntityOfPage\" itemtype=\"https:\/\/schema.org\/WebPage\" itemid=\"https:\/\/getlead.be\/cases\/delta-safety-training\/\" content=\"Delta Safety Training\" \/><meta itemprop=\"datePublished\" content=\"2024-06-15\" \/><meta itemprop=\"dateModified\" content=\"2025-12-08\" \/><meta itemprop=\"name\" content=\"getlead.be\"\/><meta itemprop=\"url\" content=\"https:\/\/getlead.be\/author\/sander\/\" \/><meta itemprop=\"name\" content=\"Sander\" \/><meta itemprop=\"interactionType\" content=\"https:\/\/schema.org\/CommentAction\" \/><meta itemprop=\"userInteractionCount\" content=\"0\" \/><a href=\"https:\/\/getlead.be\/cases\/delta-safety-training\/\">\n            Client active in Safety Trainings\n            SEA Improvement &#038; Optimization\n<\/a>\n\t<meta itemscope itemprop=\"mainEntityOfPage\" itemtype=\"https:\/\/schema.org\/WebPage\" itemid=\"https:\/\/getlead.be\/cases\/the-skin-clinic\/\" content=\"The Skin Clinic\" \/><meta itemprop=\"datePublished\" content=\"2024-06-15\" \/><meta itemprop=\"dateModified\" content=\"2024-07-14\" \/><meta itemprop=\"name\" content=\"getlead.be\"\/><meta itemprop=\"url\" content=\"https:\/\/getlead.be\/author\/jordenvg-zakelijkgmail-com\/\" \/><meta itemprop=\"name\" content=\"jordenvg.zakelijk@gmail.com\" \/><meta itemprop=\"interactionType\" content=\"https:\/\/schema.org\/CommentAction\" \/><meta itemprop=\"userInteractionCount\" content=\"0\" \/><a href=\"https:\/\/getlead.be\/cases\/the-skin-clinic\/\">\n            The Skin Clinic\n            SEO Analyse  &#038; Google ads markting\n<\/a>\n<h2>\n\t\t\tPreguntas frecuentes sobre publicidad multiplataforma\t<\/h2>\n\t\t\t\t<h2 itemprop=\"name description\">\u00bfEn cu\u00e1nto tiempo podemos esperar resultados?<\/h2>\n\t\t\t\tMost campaigns start generating meaningful insights within the first 30 days. Performance improvements typically follow within 60-90 days as data is collected, tested, and optimized across platforms.\n\t\t\t\t<h2 itemprop=\"name description\">\u00bfQu\u00e9 plataforma publicitaria es la mejor para nuestro negocio?<\/h2>\n\t\t\t\tNo existe una respuesta \u00fanica. La plataforma adecuada depende de su audiencia, ciclo de ventas y objetivos. Lo determinamos analizando la intenci\u00f3n, la demanda y el potencial de conversi\u00f3n en Google, Meta, Microsoft y LinkedIn.\n\t\t\t\t<h2 itemprop=\"name description\">\u00bfTrabaja con contratos a largo plazo?<\/h2>\n\t\t\t\tNo. We don&#8217;t believe in locking clients into long-term contracts. Our partnerships are built on performance, transparency, and trust, not obligations.\n\t\t\t\t<h2 itemprop=\"name description\">\u00bfTambi\u00e9n ayuda con las p\u00e1ginas de destino y la optimizaci\u00f3n de la conversi\u00f3n?<\/h2>\n\t\t\t\t<p>Yes. Ads don&#8217;t work in isolation. We actively advise on landing pages, messaging, and funnel structure to improve conversion rates and overall performance. Read about our CRO by <a href=\"http:\/\/getlead.be\/services\/cro\">haciendo clic aqu\u00ed<\/a>.<\/p>\n\t\t\t\t<h2 itemprop=\"name description\">\u00bfC\u00f3mo se mide el \u00e9xito?<\/h2>\n\t\t\t\tMedimos el \u00e9xito en funci\u00f3n de la calidad de los clientes potenciales, el rendimiento de la conversi\u00f3n y el impacto empresarial. No en m\u00e9tricas de vanidad. Nos centramos en la claridad, el crecimiento y los resultados sostenibles.\n\t\t\t\t<h2 itemprop=\"name description\">\u00bfHasta qu\u00e9 punto debemos implicarnos?<\/h2>\n\t\t\t\tSu participaci\u00f3n es m\u00ednima. Nos encargamos de la estrategia, la ejecuci\u00f3n y la optimizaci\u00f3n, al tiempo que le mantenemos informado con ideas y recomendaciones claras cuando es necesario.","protected":false},"excerpt":{"rendered":"<p>Multi-Platform Performance Advertising : Google Ads, Meta Ads, Microsoft Advertising &#038; LinkedIn Ads We plan, build, and optimize performance advertising across Google Ads, Meta Ads, Microsoft Advertising, and LinkedIn Ads. Every campaign is designed around intent, lead quality, and measurable growth. Combining platform expertise, conversion-focused strategy, and continuous optimization to generate predictable results. Book a&hellip;<\/p>","protected":false},"author":1,"featured_media":0,"parent":874,"menu_order":0,"comment_status":"closed","ping_status":"closed","template":"","meta":{"_acf_changed":false,"inline_featured_image":false,"footnotes":""},"class_list":["post-1354","page","type-page","status-publish","hentry"],"acf":[],"_links":{"self":[{"href":"https:\/\/getlead.be\/es\/wp-json\/wp\/v2\/pages\/1354","targetHints":{"allow":["GET"]}}],"collection":[{"href":"https:\/\/getlead.be\/es\/wp-json\/wp\/v2\/pages"}],"about":[{"href":"https:\/\/getlead.be\/es\/wp-json\/wp\/v2\/types\/page"}],"author":[{"embeddable":true,"href":"https:\/\/getlead.be\/es\/wp-json\/wp\/v2\/users\/1"}],"replies":[{"embeddable":true,"href":"https:\/\/getlead.be\/es\/wp-json\/wp\/v2\/comments?post=1354"}],"version-history":[{"count":11,"href":"https:\/\/getlead.be\/es\/wp-json\/wp\/v2\/pages\/1354\/revisions"}],"predecessor-version":[{"id":1444,"href":"https:\/\/getlead.be\/es\/wp-json\/wp\/v2\/pages\/1354\/revisions\/1444"}],"up":[{"embeddable":true,"href":"https:\/\/getlead.be\/es\/wp-json\/wp\/v2\/pages\/874"}],"wp:attachment":[{"href":"https:\/\/getlead.be\/es\/wp-json\/wp\/v2\/media?parent=1354"}],"curies":[{"name":"wp","href":"https:\/\/api.w.org\/{rel}","templated":true}]}}