{"id":237,"date":"2024-06-16T08:01:50","date_gmt":"2024-06-16T08:01:50","guid":{"rendered":"https:\/\/getlead.be\/?page_id=237"},"modified":"2026-02-10T03:31:21","modified_gmt":"2026-02-10T03:31:21","slug":"about-us","status":"publish","type":"page","link":"https:\/\/getlead.be\/es\/about-us\/","title":{"rendered":"Qui\u00e9nes somos"},"content":{"rendered":"<h1>El crecimiento comienza con GetLead.<\/h1>\t\t\t\t\t\n\t\t\t<strong data-start=\"722\" data-end=\"756\">You don&#8217;t need another agency.<\/strong><br data-start=\"756\" data-end=\"759\" \/>You need a partner who grows with you &#8211; transparently, strategically, and always one step ahead.<strong data-start=\"866\" data-end=\"909\">\u00bfTiene curiosidad por saber c\u00f3mo podemos impulsar su crecimiento?<\/strong><br data-start=\"909\" data-end=\"912\" \/>Book a discovery call to see if we&#8217;re a fit.\t\t\n\t<a href=\"https:\/\/calendly.com\/nathan-fjc\/30min\" onclick=\"Calendly.initPopupWidget({url: &#039;https:\/\/calendly.com\/nathan-fjc&#039;});return false;\" target=\"_blank\" rel=\"noopener\">Agenda una reuni\u00f3n<\/a>\n<h2>\n\t\t\tConoce a las mentes detr\u00e1s de los clics.\t<\/h2>\n\t\t\t\t\t\t<h4>Sander Van Waesberge<\/h4>\t\t\t\t\t\n\t\t\t<p>Cofundador \/ Estrategia y marketing de resultados\u00a0<\/p>\t\t\n\t<ul>\n\t\t\t<li>\n\t\t\t\tM\u00e1s de 2 a\u00f1os en Google\n\t\t\t<\/li>\n\t\t\t<li>\n\t\t\t\tMarketing estrat\u00e9gico\n\t\t\t<\/li>\n\t\t\t<li>\n\t\t\t\tGoogle &#038; Meta Ads Strategist\n\t\t\t<\/li>\n\t\t<\/ul>\n\t\t\t\t\t\t<h4>Nathan Gybels<\/h4>\t\t\t\t\t\n\t\t\t<p>Fundador \/ CRO y experto en marketing de resultados<\/p>\t\t\n\t<ul>\n\t\t\t<li>\n\t\t\t\tM\u00e1s de 2 a\u00f1os en Google\n\t\t\t<\/li>\n\t\t\t<li>\n\t\t\t\tOptimizaci\u00f3n de la tasa de conversi\u00f3n\n\t\t\t<\/li>\n\t\t\t<li>\n\t\t\t\tGoogle &#038; Microsoft Ads Specialist\n\t\t\t<\/li>\n\t\t<\/ul>\n\t\t\t\t\t\t<h4>Matthias Vanhassel<\/h4>\t\t\t\t\t\n\t\t\t<p>Cofundador \/ Experto t\u00e9cnico y en comercio electr\u00f3nico<\/p>\t\t\n\t<ul>\n\t\t\t<li>\n\t\t\t\tM\u00e1s de 2 a\u00f1os en Google\n\t\t\t<\/li>\n\t\t\t<li>\n\t\t\t\tTracking &#038; eCommerce\n\t\t\t<\/li>\n\t\t\t<li>\n\t\t\t\tArquitecto de anuncios de Google\n\t\t\t<\/li>\n\t\t<\/ul>\n\t\t\t\t\t\t<h2>Qui\u00e9nes somos<\/h2>\t\t\t\t\t\n\t\t\tDejamos Google para hacer las cosas de otra manera.<br \/>Founded by three former Google Ads strategists, GetLead was built to be the kind of agency we wished existed back when we worked at Google.Tired of seeing agencies lack true expertise and involvement, we set out to do things differently: with strategy, transparency, and real partnership at the core.\t\t\n\t\t\t\t\t\t<h2>\u00bfNuestra misi\u00f3n?<\/h2>\t\t\t\t\t\n\t\t\t<p>To deliver real results &#8211; and to restore trust in the marketing industry by finally giving businesses the value they deserve.<\/p>\t\t\n\t\t\t\t\t\t<h2>Nuestros valores fundamentales<\/h2>\t\t\t\t\t\n\t\t\t<p>\ud83d\udd0d Transparency &#8211; No vanity metrics. Just clarity.<br \/>\ud83e\udd1d Partnership &#8211; We don&#8217;t work for you &#8211; we work with you.<br \/>\ud83d\udcc8 Shared growth &#8211; When you win, we win.<\/p>\t\t\n\t\t60+\n\t\t\t\t\tProject Finished Successfully\n\t\t150+\n\t\t\t\t\tGoogle Ads Campagnes Executed\n\t\t40+\n\t\t\t\t\tCompanies helped with digital growth\n\t\t5\n\t\t\t\t\tAverage Customer Rating\n<h2>\n\t\t\tForma parte de las empresas que ya est\u00e1n creciendo con nosotros\t<\/h2>\nDescubre las empresas que se han asociado con nosotros para impulsar su crecimiento y \u00e9xito. \u00bfSer\u00e1s t\u00fa la pr\u00f3xima?\n\t\t\t\t\t\t<img decoding=\"async\" src=\"https:\/\/getlead.be\/wp-content\/uploads\/2024\/09\/skin-clinic-logo.png\" alt=\"\" data-no-lazy=\"1\" \/>\t\t\t\t\t\n\t\t\t\t\t\t<img decoding=\"async\" src=\"https:\/\/getlead.be\/wp-content\/uploads\/2024\/09\/logo-1.svg\" alt=\"\" data-no-lazy=\"1\" \/>\t\t\t\t\t\n\t\t\t\t\t\t<img decoding=\"async\" src=\"https:\/\/getlead.be\/wp-content\/uploads\/2024\/10\/logo_b-1.png\" alt=\"\" data-no-lazy=\"1\" \/>\t\t\t\t\t\n\t\t\t\t\t\t<img decoding=\"async\" src=\"https:\/\/getlead.be\/wp-content\/uploads\/2024\/09\/logo.svg\" alt=\"\" data-no-lazy=\"1\" \/>\t\t\t\t\t\n\t\t\t\t\t\t<img decoding=\"async\" src=\"https:\/\/getlead.be\/wp-content\/uploads\/2024\/09\/belgianbeautyclinics-logo.svg\" alt=\"\" data-no-lazy=\"1\" \/>\t\t\t\t\t\n\t\t\t\t\t\t<img decoding=\"async\" src=\"https:\/\/getlead.be\/wp-content\/uploads\/2024\/09\/recruitment-professional-logo-removebg-preview.png\" alt=\"\" data-no-lazy=\"1\" \/>\t\t\t\t\t\n\t\t\t\t\t\t<img decoding=\"async\" src=\"https:\/\/getlead.be\/wp-content\/uploads\/2024\/10\/envato-labs-image-edit-8.png\" alt=\"\" data-no-lazy=\"1\" \/>\t\t\t\t\t\n\t\t\t\t\t\t<img decoding=\"async\" src=\"https:\/\/getlead.be\/wp-content\/uploads\/2024\/10\/PDlogo_big_gradblue.png\" alt=\"\" data-no-lazy=\"1\" \/>\t\t\t\t\t\n\t\t\t\t\t\t<img decoding=\"async\" src=\"https:\/\/getlead.be\/wp-content\/uploads\/2025\/06\/the-laser-clinic-logo.svg\" alt=\"\" data-no-lazy=\"1\" \/>\t\t\t\t\t\n\t\t\t\t\t\t<img decoding=\"async\" src=\"https:\/\/getlead.be\/wp-content\/uploads\/2025\/06\/logo-dst_9063355f.svg\" alt=\"\" data-no-lazy=\"1\" \/>\t\t\t\t\t\n\t\t\t\t\t\t<img decoding=\"async\" src=\"https:\/\/getlead.be\/wp-content\/uploads\/2025\/10\/sacramento.png\" alt=\"\" data-no-lazy=\"1\" \/>\t\t\t\t\t\n\t\t\t\t\t\t<img decoding=\"async\" src=\"https:\/\/getlead.be\/wp-content\/uploads\/2025\/10\/5436cb20-0a1f-4fa0-9806-90a7a8fc648a.png.webp\" alt=\"\" data-no-lazy=\"1\" \/>\t\t\t\t\t\n\t\t\t\t\t\t<img decoding=\"async\" src=\"https:\/\/getlead.be\/wp-content\/uploads\/2025\/10\/logooharry2.webp\" alt=\"\" data-no-lazy=\"1\" \/>\t\t\t\t\t\n\t\t\t\t\t\t<img decoding=\"async\" src=\"https:\/\/getlead.be\/wp-content\/uploads\/2025\/10\/drsommeling_logo-1.svg\" alt=\"\" data-no-lazy=\"1\" \/>\t\t\t\t\t\n\t\t\t\t\t\t<img decoding=\"async\" src=\"https:\/\/getlead.be\/wp-content\/uploads\/2025\/10\/Jelsan-Logo-black.webp\" alt=\"\" data-no-lazy=\"1\" \/>\t\t\t\t\t\n\t\t\t\t\t\t<img decoding=\"async\" src=\"https:\/\/getlead.be\/wp-content\/uploads\/2025\/10\/envato-labs-image-edit-24.png\" alt=\"\" data-no-lazy=\"1\" \/>\t\t\t\t\t\n\t\t\t\t\t\t<img decoding=\"async\" src=\"https:\/\/getlead.be\/wp-content\/uploads\/2025\/10\/Xaralyn.svg\" alt=\"\" data-no-lazy=\"1\" \/>\t\t\t\t\t\n\t\t\t\t\t\t<img decoding=\"async\" src=\"https:\/\/getlead.be\/wp-content\/uploads\/2025\/10\/cropped-Logo-VVW-02-2048x1379-1.png\" alt=\"\" data-no-lazy=\"1\" \/>\t\t\t\t\t\n\t\t\t\t\t\t<img decoding=\"async\" src=\"https:\/\/getlead.be\/wp-content\/uploads\/2025\/10\/MOLLIE_CHECKOIT_e1f3ba4b-b2b3-4e0e-9788-82e5a88640d2.webp\" alt=\"\" data-no-lazy=\"1\" \/>\t\t\t\t\t\n\t\t\t\t\t\t<img decoding=\"async\" src=\"https:\/\/getlead.be\/wp-content\/uploads\/2025\/10\/logo-transparant.png\" alt=\"\" data-no-lazy=\"1\" \/>\t\t\t\t\t\n\t\t\t\t\t\t<img decoding=\"async\" src=\"https:\/\/getlead.be\/wp-content\/uploads\/2025\/10\/Screenshot-2025-10-10-132219.png\" alt=\"\" data-no-lazy=\"1\" \/>\t\t\t\t\t\n\t\t\t\t\t\t<img decoding=\"async\" src=\"https:\/\/getlead.be\/wp-content\/uploads\/2025\/10\/BusinessCardByTailorBrands_back22-1920w.webp\" alt=\"\" data-no-lazy=\"1\" \/>\t\t\t\t\t\n\t\t\t\t\t\t<img decoding=\"async\" src=\"https:\/\/getlead.be\/wp-content\/uploads\/2025\/10\/logo_he_technics_500.png\" alt=\"\" data-no-lazy=\"1\" \/>\t\t\t\t\t\n\t\t\t\t\t\t<img decoding=\"async\" src=\"https:\/\/getlead.be\/wp-content\/uploads\/2025\/10\/K-URBAN-BEACH-02-1.jpg\" alt=\"\" data-no-lazy=\"1\" \/>\t\t\t\t\t\n\t\t\t<button>Siguiente<\/button>\n\t\t<button>Anterior<\/button>\n<figure itemscope itemtype=\"https:\/\/schema.org\/ImageObject\">\n\t\t\t\t<img decoding=\"async\" src=\"https:\/\/getlead.be\/wp-content\/uploads\/2024\/06\/getlead_logo.svg\" alt=\"getlead_logo\" title=\"getlead_logo\" onerror=\"this.style.display='none'\" loading=\"lazy\" \/>\n\t<\/figure>\n\t\t\t\t\t\t<h4>Preguntas frecuentes sobre marketing digital<\/h4>\t\t\t\t\t\n\t\t\t<p>Como agencia l\u00edder en marketing digital, nos esforzamos por ofrecer recursos educativos completos y responder a las preguntas m\u00e1s frecuentes para ayudar a nuestros clientes.<\/p>\t\t\n\t\t\t\t<a href=\"\/contact\" role=\"button\" target=\"_self\">\n\t\t\t\t\t\t\t\t\t\tM\u00e1s preguntas\n\t\t\t\t\t\t\t\t\t<\/a>\n\t\t\t\t\u00bfPuede prometernos resultados?\n\t\t\t\t<p>En nuestra agencia de marketing no hacemos promesas ni garantizamos resultados concretos. Somos profesionales del marketing, no magos. Sin embargo, lo que s\u00ed podemos prometer es que empezaremos por comprender a fondo su negocio, sus objetivos y sus metas. A partir de ah\u00ed, desarrollaremos una estrategia clara y eficaz basada en datos reales. Nuestro enfoque est\u00e1 dise\u00f1ado para maximizar su potencial de \u00e9xito a trav\u00e9s de una toma de decisiones informada y estrat\u00e9gica.<\/p>\n\t\t\t\t\u00bfPor qu\u00e9 es importante el marketing digital para mi empresa?\n\t\t\t\t<p>Con el marketing digital, las empresas pueden llegar a un p\u00fablico m\u00e1s amplio y captar su atenci\u00f3n, generar clientes potenciales, atraer tr\u00e1fico a su sitio web y aumentar la visibilidad de su marca. Ofrece resultados cuantificables, permite realizar acciones de marketing espec\u00edficas y ajustar y optimizar sus estrategias en funci\u00f3n de los datos y la informaci\u00f3n disponible.<\/p>\n\t\t\t\t\u00bfC\u00f3mo puede ayudar el marketing digital a mejorar la visibilidad de mi sitio web?\n\t\t\t\t<p>Digital marketing can improve the visibility of your website through strategies such as search engine optimization (SEO), search engine advertising (SEA), content marketing, and social media marketing. These strategies help your website rank higher in search engines, attract more traffic, and increase your brand&#8217;s recognition among a larger audience.<\/p>\n\t\t\t\t\u00bfCu\u00e1nto tiempo se tarda en ver los resultados de los esfuerzos de marketing digital?\n<p>El tiempo que se tarda en ver los resultados de los esfuerzos de marketing digital var\u00eda en funci\u00f3n de las estrategias empleadas y del estado actual de su presencia en l\u00ednea. En el caso de la SEO, los resultados apreciables pueden tardar unos meses, mientras que la EAE y el marketing en redes sociales suelen producir resultados mensurables m\u00e1s r\u00e1pidamente, a veces en unas pocas semanas. En general, el esfuerzo constante y la optimizaci\u00f3n continua son esenciales para lograr resultados sostenibles.<\/p>\n<p>\u00a0<\/p>\n\u00a0\n\u00a0\n\t\t\t\t\u00bfCu\u00e1les son los indicadores clave de rendimiento (KPI) que hay que controlar en el marketing digital?\n\t\t\t\t<p>Los indicadores clave de rendimiento (KPI) del marketing digital incluyen el tr\u00e1fico del sitio web, la tasa de conversi\u00f3n, el coste por adquisici\u00f3n (CPA), la tasa de clics (CTR), los visitantes que regresan, la tasa de rebote y el ROI (retorno de la inversi\u00f3n). Estos KPI ayudan a las empresas a medir la eficacia de sus campa\u00f1as de marketing y a saber qu\u00e9 estrategias tienen m\u00e1s \u00e9xito.<\/p>","protected":false},"excerpt":{"rendered":"<p>Growth starts when you GetLead. You don&#8217;t need another agency.You need a partner who grows with you &#8211; transparently, strategically, and always one step ahead.Curious how we could drive your growth?Book a discovery call to see if we&#8217;re a fit. Book a meeting Meet the minds behind the clicks. Sander Van Waesberge Co-Founder \/ Strategy&hellip;<\/p>","protected":false},"author":1,"featured_media":863,"parent":0,"menu_order":0,"comment_status":"closed","ping_status":"closed","template":"","meta":{"_acf_changed":false,"inline_featured_image":false,"footnotes":""},"class_list":["post-237","page","type-page","status-publish","has-post-thumbnail","hentry"],"acf":[],"_links":{"self":[{"href":"https:\/\/getlead.be\/es\/wp-json\/wp\/v2\/pages\/237","targetHints":{"allow":["GET"]}}],"collection":[{"href":"https:\/\/getlead.be\/es\/wp-json\/wp\/v2\/pages"}],"about":[{"href":"https:\/\/getlead.be\/es\/wp-json\/wp\/v2\/types\/page"}],"author":[{"embeddable":true,"href":"https:\/\/getlead.be\/es\/wp-json\/wp\/v2\/users\/1"}],"replies":[{"embeddable":true,"href":"https:\/\/getlead.be\/es\/wp-json\/wp\/v2\/comments?post=237"}],"version-history":[{"count":11,"href":"https:\/\/getlead.be\/es\/wp-json\/wp\/v2\/pages\/237\/revisions"}],"predecessor-version":[{"id":1475,"href":"https:\/\/getlead.be\/es\/wp-json\/wp\/v2\/pages\/237\/revisions\/1475"}],"wp:featuredmedia":[{"embeddable":true,"href":"https:\/\/getlead.be\/es\/wp-json\/wp\/v2\/media\/863"}],"wp:attachment":[{"href":"https:\/\/getlead.be\/es\/wp-json\/wp\/v2\/media?parent=237"}],"curies":[{"name":"wp","href":"https:\/\/api.w.org\/{rel}","templated":true}]}}