{"id":383,"date":"2024-06-22T08:13:56","date_gmt":"2024-06-22T08:13:56","guid":{"rendered":"https:\/\/getlead.be\/?page_id=383"},"modified":"2026-04-28T12:59:41","modified_gmt":"2026-04-28T12:59:41","slug":"contact","status":"publish","type":"page","link":"https:\/\/getlead.be\/es\/contact\/","title":{"rendered":"Contacto"},"content":{"rendered":"<h4>\u00bfQuiere ayuda para hacer crecer su negocio? P\u00f3ngase en contacto con nosotros.<\/h4>\t\t\t\t\t\n\t\t\tImpulse el crecimiento de su empresa con nuestra asistencia experta. P\u00f3ngase en contacto con nosotros hoy mismo para liberar todo su potencial y alcanzar sus objetivos.\t\t\n\t<a href=\"https:\/\/calendly.com\/nathan-fjc\/30min\" onclick=\"Calendly.initPopupWidget({url: &#039;https:\/\/calendly.com\/nathan-fjc&#039;});return false;\" target=\"_blank\" rel=\"noopener\">Agenda una reuni\u00f3n<\/a>\n<figure itemscope itemtype=\"https:\/\/schema.org\/ImageObject\">\n\t\t\t\t<img decoding=\"async\" src=\"https:\/\/getlead.be\/wp-content\/uploads\/2024\/06\/getlead_logo.svg\" alt=\"getlead_logo\" title=\"getlead_logo\" onerror=\"this.style.display='none'\" loading=\"lazy\" \/>\n\t<\/figure>\n<h2>\n\t\t\tSolicite un presupuesto o haga una pregunta.\t<\/h2>\n\t<p>\u00bfTiene alguna pregunta o necesita un presupuesto? Rellene el siguiente formulario para hacernos saber c\u00f3mo podemos ayudarle a hacer crecer su negocio en l\u00ednea.<\/p>\n<h2>\n\t\t\t\u00bfQuiere ponerse en contacto con nosotros directamente?\t<\/h2>\n\t<p>Impulse el crecimiento de su empresa con nuestra asistencia experta. P\u00f3ngase en contacto con nosotros hoy mismo para liberar todo su potencial y alcanzar sus objetivos.<\/p>\n\t\t<link itemprop=\"url\" href=\"https:\/\/getlead.be\"\/>\n\t\t<a itemprop=\"sameAs\" href=\"https:\/\/www.linkedin.com\/company\/getleadbe\/\" target=\"_self\" title=\"\" aria-label=\"\" role=\"button\">\n\t\t\t\t\t<\/a>\n\t\t<link itemprop=\"url\" href=\"https:\/\/getlead.be\"\/>\n\t\t<a itemprop=\"sameAs\" href=\"https:\/\/www.instagram.com\/get_lead_agency\/\" target=\"_self\" title=\"\" aria-label=\"\" role=\"button\">\n\t\t\t\t\t<\/a>\n<figure itemscope itemtype=\"https:\/\/schema.org\/ImageObject\">\n\t\t\t\t<img decoding=\"async\" src=\"https:\/\/getlead.be\/wp-content\/uploads\/2024\/06\/bigboss-scaled-1.jpg\" alt=\"bigboss-scaled 1\" height=\"382\" width=\"570\" title=\"bigboss-escalado 1\" onerror=\"this.style.display='none'\" loading=\"lazy\" \/>\n\t<\/figure>\n<figure itemscope itemtype=\"https:\/\/schema.org\/ImageObject\">\n\t\t\t\t<img decoding=\"async\" src=\"https:\/\/getlead.be\/wp-content\/uploads\/2024\/06\/getlead_logo.svg\" alt=\"getlead_logo\" title=\"getlead_logo\" onerror=\"this.style.display='none'\" loading=\"lazy\" \/>\n\t<\/figure>\n\t\t\t\t\t\t<h4>Preguntas frecuentes sobre marketing digital<\/h4>\t\t\t\t\t\n\t\t\t<p>Como agencia l\u00edder en marketing digital, nos esforzamos por ofrecer recursos educativos completos y responder a las preguntas m\u00e1s frecuentes para ayudar a nuestros clientes.<\/p>\t\t\n\t\t\t\t<a href=\"\/contact\" role=\"button\" target=\"_self\">\n\t\t\t\t\t\t\t\t\t\tM\u00e1s preguntas\n\t\t\t\t\t\t\t\t\t<\/a>\n\t\t\t\t\u00bfPuede prometernos resultados?\n\t\t\t\t<p>En nuestra agencia de marketing no hacemos promesas ni garantizamos resultados concretos. Somos profesionales del marketing, no magos. Sin embargo, lo que s\u00ed podemos prometer es que empezaremos por comprender a fondo su negocio, sus objetivos y sus metas. A partir de ah\u00ed, desarrollaremos una estrategia clara y eficaz basada en datos reales. Nuestro enfoque est\u00e1 dise\u00f1ado para maximizar su potencial de \u00e9xito a trav\u00e9s de una toma de decisiones informada y estrat\u00e9gica.<\/p>\n\t\t\t\t\u00bfPor qu\u00e9 es importante el marketing digital para mi empresa?\n\t\t\t\t<p>Con el marketing digital, las empresas pueden llegar a un p\u00fablico m\u00e1s amplio y captar su atenci\u00f3n, generar clientes potenciales, atraer tr\u00e1fico a su sitio web y aumentar la visibilidad de su marca. Ofrece resultados cuantificables, permite realizar acciones de marketing espec\u00edficas y ajustar y optimizar sus estrategias en funci\u00f3n de los datos y la informaci\u00f3n disponible.<\/p>\n\t\t\t\t\u00bfC\u00f3mo puede ayudar el marketing digital a mejorar la visibilidad de mi sitio web?\n\t\t\t\t<p>Digital marketing can improve the visibility of your website through strategies such as search engine optimization (SEO), search engine advertising (SEA), content marketing, and social media marketing. These strategies help your website rank higher in search engines, attract more traffic, and increase your brand&#8217;s recognition among a larger audience.<\/p>\n\t\t\t\t\u00bfCu\u00e1nto tiempo se tarda en ver los resultados de los esfuerzos de marketing digital?\n<p>El tiempo que se tarda en ver los resultados de los esfuerzos de marketing digital var\u00eda en funci\u00f3n de las estrategias empleadas y del estado actual de su presencia en l\u00ednea. En el caso de la SEO, los resultados apreciables pueden tardar unos meses, mientras que la EAE y el marketing en redes sociales suelen producir resultados mensurables m\u00e1s r\u00e1pidamente, a veces en unas pocas semanas. En general, el esfuerzo constante y la optimizaci\u00f3n continua son esenciales para lograr resultados sostenibles.<\/p>\n<p>\u00a0<\/p>\n\u00a0\n\u00a0\n\t\t\t\t\u00bfCu\u00e1les son los indicadores clave de rendimiento (KPI) que hay que controlar en el marketing digital?\n\t\t\t\t<p>Los indicadores clave de rendimiento (KPI) del marketing digital incluyen el tr\u00e1fico del sitio web, la tasa de conversi\u00f3n, el coste por adquisici\u00f3n (CPA), la tasa de clics (CTR), los visitantes que regresan, la tasa de rebote y el ROI (retorno de la inversi\u00f3n). Estos KPI ayudan a las empresas a medir la eficacia de sus campa\u00f1as de marketing y a saber qu\u00e9 estrategias tienen m\u00e1s \u00e9xito.<\/p>","protected":false},"excerpt":{"rendered":"<p>Want help growing your businness? Contact us. Boost your business growth with our expert assistance. Contact us today to unlock your full potential and achieve your goals. Book a meeting Request a quote or ask a question. Have a question or need a quote? Fill out the form below to let us know how we&hellip;<\/p>","protected":false},"author":1,"featured_media":0,"parent":0,"menu_order":0,"comment_status":"closed","ping_status":"closed","template":"","meta":{"_acf_changed":false,"inline_featured_image":false,"footnotes":""},"class_list":["post-383","page","type-page","status-publish","hentry"],"acf":[],"_links":{"self":[{"href":"https:\/\/getlead.be\/es\/wp-json\/wp\/v2\/pages\/383","targetHints":{"allow":["GET"]}}],"collection":[{"href":"https:\/\/getlead.be\/es\/wp-json\/wp\/v2\/pages"}],"about":[{"href":"https:\/\/getlead.be\/es\/wp-json\/wp\/v2\/types\/page"}],"author":[{"embeddable":true,"href":"https:\/\/getlead.be\/es\/wp-json\/wp\/v2\/users\/1"}],"replies":[{"embeddable":true,"href":"https:\/\/getlead.be\/es\/wp-json\/wp\/v2\/comments?post=383"}],"version-history":[{"count":12,"href":"https:\/\/getlead.be\/es\/wp-json\/wp\/v2\/pages\/383\/revisions"}],"predecessor-version":[{"id":1498,"href":"https:\/\/getlead.be\/es\/wp-json\/wp\/v2\/pages\/383\/revisions\/1498"}],"wp:attachment":[{"href":"https:\/\/getlead.be\/es\/wp-json\/wp\/v2\/media?parent=383"}],"curies":[{"name":"wp","href":"https:\/\/api.w.org\/{rel}","templated":true}]}}