{"id":736,"date":"2024-12-23T02:56:07","date_gmt":"2024-12-23T02:56:07","guid":{"rendered":"https:\/\/getlead.be\/?page_id=736"},"modified":"2025-07-29T23:33:27","modified_gmt":"2025-07-29T23:33:27","slug":"blogs","status":"publish","type":"page","link":"https:\/\/getlead.be\/es\/blogs\/","title":{"rendered":"Blogs"},"content":{"rendered":"<h1>Blogs<\/h1>\n\t\t\t<p>Unlock your business growth with our expert blogs. explore proven insights and strategies-contact us today to elevate your success<\/p>\t\t\n\t<meta itemscope itemprop=\"mainEntityOfPage\" itemtype=\"https:\/\/schema.org\/WebPage\" itemid=\"https:\/\/getlead.be\/blogs\/mastering-google-ads-ad-copy-tips-to-boost-your-campaign-performance\/\" content=\"Mastering Google Ads: ad copy tips to boost your campaign performance\" \/><meta itemprop=\"datePublished\" content=\"2024-12-23\" \/><meta itemprop=\"dateModified\" content=\"2024-12-24\" \/><meta itemprop=\"name\" content=\"getlead.be\"\/><meta itemprop=\"url\" content=\"https:\/\/getlead.be\/author\/jordenvg-zakelijkgmail-com\/\" \/><meta itemprop=\"name\" content=\"jordenvg.zakelijk@gmail.com\" \/><meta itemprop=\"url\" content=\"https:\/\/getlead.be\/wp-content\/uploads\/2024\/12\/mastering-google-ads-thumbnail.jpg\" \/><meta itemprop=\"width\" content=\"1280\" \/><meta itemprop=\"height\" content=\"720\" \/><meta itemprop=\"interactionType\" content=\"https:\/\/schema.org\/CommentAction\" \/><meta itemprop=\"userInteractionCount\" content=\"0\" \/><style>\n    .cta-book-a-meeting a{\n        color:#fff!important;\n        font-size:14px;\n        width:100%;\n        display:inline-block;\n        padding:10px 15px;\n    }\n    .uabb-blog-posts-description{\n         margin-bottom:30px;\n    }\n    .cta-book-a-meeting::after{\n        top:8px;\n    }\n     .uabb-post-thumbnail {\n        margin-bottom:20px;\n        border-radius: 5px;\n    }\n<\/style> \n\t\t\t\t\t\t<a href='https:\/\/getlead.be\/blogs\/mastering-google-ads-ad-copy-tips-to-boost-your-campaign-performance\/' title='C\u00f3mo dominar los anuncios de Google: consejos sobre el texto de los anuncios para aumentar el rendimiento de sus campa\u00f1as'><img width=\"1024\" height=\"576\" src=\"https:\/\/getlead.be\/wp-content\/uploads\/2024\/12\/mastering-google-ads-thumbnail-1024x576.jpg\" alt=\"\" itemprop=\"image\" decoding=\"async\" loading=\"lazy\" srcset=\"https:\/\/getlead.be\/wp-content\/uploads\/2024\/12\/mastering-google-ads-thumbnail-1024x576.jpg 1024w, https:\/\/getlead.be\/wp-content\/uploads\/2024\/12\/mastering-google-ads-thumbnail-300x169.jpg 300w, https:\/\/getlead.be\/wp-content\/uploads\/2024\/12\/mastering-google-ads-thumbnail-768x432.jpg 768w, https:\/\/getlead.be\/wp-content\/uploads\/2024\/12\/mastering-google-ads-thumbnail.jpg 1280w\" sizes=\"auto, (max-width: 1024px) 100vw, 1024px\" \/><\/a>\n\t\t\t\t\t<h3><a href='https:\/\/getlead.be\/blogs\/mastering-google-ads-ad-copy-tips-to-boost-your-campaign-performance\/' title='C\u00f3mo dominar los anuncios de Google: consejos sobre el texto de los anuncios para aumentar el rendimiento de sus campa\u00f1as'>C\u00f3mo dominar los anuncios de Google: consejos sobre el texto de los anuncios para aumentar el rendimiento de sus campa\u00f1as<\/a><\/h3>\n\t\t\t\t\t\t<p>Creating effective ad copy for Google Ads is the key to capturing attention, driving clicks, and maximising conversions. Whether you&#8217;re a seasoned marketer or just&#8230;<\/p>\n\t\t\t\t\t\n\t\t\t\t\t\t<a href='https:\/\/getlead.be\/blogs\/mastering-google-ads-ad-copy-tips-to-boost-your-campaign-performance\/' title='Seguir leyendo'>Seguir leyendo<\/a>\n\t\t\t\t\t\n\t\t\t\t<img decoding=\"async\" src=\"https:\/\/getlead.be\/wp-content\/uploads\/2024\/06\/getlead_logo.svg\" alt=\"getlead_logo\" itemprop=\"image\" title=\"getlead_logo\" onerror=\"this.style.display='none'\"  \/>\n\t\t<h4>Preguntas frecuentes sobre marketing digital<\/h4>\n\t\t\t<p>Como agencia l\u00edder en marketing digital, nos esforzamos por ofrecer recursos educativos completos y responder a las preguntas m\u00e1s frecuentes para ayudar a nuestros clientes.<\/p>\t\t\n\t\t\t\t<a href=\"\/contact\" role=\"button\" target=\"_self\">\n\t\t\t\t\t\t\t\t\t\tM\u00e1s preguntas\t\t\t\t\t\t\t\t\t<\/a>\n\t\t\t\t\u00bfPuede prometernos resultados?\n\t\t\t\t<p>En nuestra agencia de marketing no hacemos promesas ni garantizamos resultados concretos. Somos profesionales del marketing, no magos. Sin embargo, lo que s\u00ed podemos prometer es que empezaremos por comprender a fondo su negocio, sus objetivos y sus metas. A partir de ah\u00ed, desarrollaremos una estrategia clara y eficaz basada en datos reales. Nuestro enfoque est\u00e1 dise\u00f1ado para maximizar su potencial de \u00e9xito a trav\u00e9s de una toma de decisiones informada y estrat\u00e9gica.<\/p>\n\t\t\t\t\u00bfPor qu\u00e9 es importante el marketing digital para mi empresa?\n\t\t\t\t<p>Con el marketing digital, las empresas pueden llegar a un p\u00fablico m\u00e1s amplio y captar su atenci\u00f3n, generar clientes potenciales, atraer tr\u00e1fico a su sitio web y aumentar la visibilidad de su marca. Ofrece resultados cuantificables, permite realizar acciones de marketing espec\u00edficas y ajustar y optimizar sus estrategias en funci\u00f3n de los datos y la informaci\u00f3n disponible.<\/p>\n\t\t\t\t\u00bfC\u00f3mo puede ayudar el marketing digital a mejorar la visibilidad de mi sitio web?\n\t\t\t\t<p>Digital marketing can improve the visibility of your website through strategies such as search engine optimization (SEO), search engine advertising (SEA), content marketing, and social media marketing. These strategies help your website rank higher in search engines, attract more traffic, and increase your brand&#8217;s recognition among a larger audience.<\/p>\n\t\t\t\t\u00bfCu\u00e1nto tiempo se tarda en ver los resultados de los esfuerzos de marketing digital?\n<p>El tiempo que se tarda en ver los resultados de los esfuerzos de marketing digital var\u00eda en funci\u00f3n de las estrategias empleadas y del estado actual de su presencia en l\u00ednea. En el caso de la SEO, los resultados apreciables pueden tardar unos meses, mientras que la EAE y el marketing en redes sociales suelen producir resultados mensurables m\u00e1s r\u00e1pidamente, a veces en unas pocas semanas. En general, el esfuerzo constante y la optimizaci\u00f3n continua son esenciales para lograr resultados sostenibles.<\/p>\n<p>\u00a0<\/p>\n\u00a0\n\u00a0\n\t\t\t\t\u00bfCu\u00e1les son los indicadores clave de rendimiento (KPI) que hay que controlar en el marketing digital?\n\t\t\t\t<p>Los indicadores clave de rendimiento (KPI) del marketing digital incluyen el tr\u00e1fico del sitio web, la tasa de conversi\u00f3n, el coste por adquisici\u00f3n (CPA), la tasa de clics (CTR), los visitantes que regresan, la tasa de rebote y el ROI (retorno de la inversi\u00f3n). Estos KPI ayudan a las empresas a medir la eficacia de sus campa\u00f1as de marketing y a saber qu\u00e9 estrategias tienen m\u00e1s \u00e9xito.<\/p>","protected":false},"excerpt":{"rendered":"<p>Blogs Unlock your business growth with our expert blogs. explore proven insights and strategies-contact us today to elevate your success Mastering Google Ads: ad copy tips to boost your campaign performance Creating effective ad copy for Google Ads is the key to capturing attention, driving clicks, and maximising conversions. Whether you&#8217;re a seasoned marketer or&hellip;<\/p>","protected":false},"author":1,"featured_media":0,"parent":0,"menu_order":0,"comment_status":"closed","ping_status":"closed","template":"","meta":{"_acf_changed":false,"inline_featured_image":false,"footnotes":""},"class_list":["post-736","page","type-page","status-publish","hentry"],"acf":[],"_links":{"self":[{"href":"https:\/\/getlead.be\/es\/wp-json\/wp\/v2\/pages\/736","targetHints":{"allow":["GET"]}}],"collection":[{"href":"https:\/\/getlead.be\/es\/wp-json\/wp\/v2\/pages"}],"about":[{"href":"https:\/\/getlead.be\/es\/wp-json\/wp\/v2\/types\/page"}],"author":[{"embeddable":true,"href":"https:\/\/getlead.be\/es\/wp-json\/wp\/v2\/users\/1"}],"replies":[{"embeddable":true,"href":"https:\/\/getlead.be\/es\/wp-json\/wp\/v2\/comments?post=736"}],"version-history":[{"count":9,"href":"https:\/\/getlead.be\/es\/wp-json\/wp\/v2\/pages\/736\/revisions"}],"predecessor-version":[{"id":1165,"href":"https:\/\/getlead.be\/es\/wp-json\/wp\/v2\/pages\/736\/revisions\/1165"}],"wp:attachment":[{"href":"https:\/\/getlead.be\/es\/wp-json\/wp\/v2\/media?parent=736"}],"curies":[{"name":"wp","href":"https:\/\/api.w.org\/{rel}","templated":true}]}}