{"id":904,"date":"2025-06-06T11:53:22","date_gmt":"2025-06-06T11:53:22","guid":{"rendered":"https:\/\/getlead.be\/?page_id=904"},"modified":"2025-06-11T17:45:37","modified_gmt":"2025-06-11T17:45:37","slug":"how-do-we-work","status":"publish","type":"page","link":"https:\/\/getlead.be\/es\/how-do-we-work\/","title":{"rendered":"C\u00f3mo trabajamos"},"content":{"rendered":"<h1>Del primer encuentro al impacto duradero.<\/h1>\t\t\t\t\t\n\t\t\t<p>Our way of working is designed to deliver growth. From the first intake to strategy, execution, and evaluation &#8211; every phase is tailored to your goals, backed by data, and focused on results that truly make a difference.<\/p>\t\t\n\t<a href=\"\/contact\">Agenda una reuni\u00f3n<\/a>\n\t\t\t\t<img decoding=\"async\" src=\"https:\/\/getlead.be\/wp-content\/uploads\/2025\/06\/envato-labs-image-edit-12-1.png\" alt=\"envato-labs-image-edit (12) 1\" itemprop=\"image\" height=\"527\" width=\"881\" title=\"envato-labs-image-edit (12) 1\" onerror=\"this.style.display='none'\" loading='lazy' \/>\n<h2>\n\t\t\tEl proceso de nuestra colaboraci\u00f3n\t<\/h2>\n\t\t\t\t\t\t\t\t\t\t\t\t\t\t\t\t\t\t\t\n\t\t\t\t\t\t\t\t\t\t\t\t\t\t\t\t\t\t\t\t\t\t\t<h3>Introducci\u00f3n<\/h3> \t\t\t\t\t\t\t\t\t\t\t\n\t\t\t\t\t\t\t\t\t\t\t\t\t\t\t\t\t\t\t\t\t\t\t\t\t\t\t\t\t\t\t\t\t\t\t\t\t\t\t\t\t\t\t\t\t\t\t\t\t\t\t\t\t\t\t\t<p>Conocemos su negocio, sus objetivos y sus retos. Esto nos ayuda a definir claramente las prioridades y expectativas.<\/p> \t\t\t\t\t\t\t\t\t\t\t\t\t\t\t\t\t\t\t\t\t\t\t\t\t\t\t\t\t\n\t\t\t\t\t\t\t\t\t\t\t\t\t\t\t\t\t\t\t\n\t\t\t\t\t\t\t\t\t\t\t\t\t\t\t\t\t\t\t\t\t\t\t<h3>An\u00e1lisis<\/h3> \t\t\t\t\t\t\t\t\t\t\t\n\t\t\t\t\t\t\t\t\t\t\t\t\t\t\t\t\t\t\t\t\t\t\t\t\t\t\t\t\t\t\t\t\t\t\t\t\t\t\t\t\t\t\t\t\t\t\t\t\t\t\t\t\t\t\t\t<p>We audit your current marketing and online presence &#8211; including Google Ads and SEO &#8211; to identify strengths and gaps.<\/p> \t\t\t\t\t\t\t\t\t\t\t\t\t\t\t\t\t\t\t\t\t\t\t\t\t\t\t\t\t\n\t\t\t\t\t\t\t\t\t\t\t\t\t\t\t\t\t\t\t\n\t\t\t\t\t\t\t\t\t\t\t\t\t\t\t\t\t\t\t\t\t\t\t<h3>Desarrollo de estrategias<\/h3> \t\t\t\t\t\t\t\t\t\t\t\n\t\t\t\t\t\t\t\t\t\t\t\t\t\t\t\t\t\t\t\t\t\t\t\t\t\t\t\t\t\t\t\t\t\t\t\t\t\t\t\t\t\t\t\t\t\t\t\t\t\t\t\t\t\t\t\tBas\u00e1ndonos en la auditor\u00eda, creamos una estrategia a medida con acciones y objetivos claros a corto y largo plazo. \t\t\t\t\t\t\t\t\t\t\t\t\t\t\t\t\t\t\t\t\t\t\t\t\t\t\t\t\t\n\t\t\t\t\t\t\t\t\t\t\t\t\t\t\t\t\t\t\t\n\t\t\t\t\t\t\t\t\t\t\t\t\t\t\t\t\t\t\t\t\t\t\t<h3>Aplicaci\u00f3n<\/h3> \t\t\t\t\t\t\t\t\t\t\t\n\t\t\t\t\t\t\t\t\t\t\t\t\t\t\t\t\t\t\t\t\t\t\t\t\t\t\t\t\t\t\t\t\t\t\t\t\t\t\t\t\t\t\t\t\t\t\t\t\t\t\t\t\t\t\t\t<p>Lanzamos las campa\u00f1as y las optimizamos continuamente en funci\u00f3n de su rendimiento, para garantizar que sigan siendo eficaces.<\/p> \t\t\t\t\t\t\t\t\t\t\t\t\t\t\t\t\t\t\t\t\t\t\t\t\t\t\t\t\t\n\t\t\t\t\t\t\t\t\t\t\t\t\t\t\t\t\t\t\t\n\t\t\t\t\t\t\t\t\t\t\t\t\t\t\t\t\t\t\t\t\t\t\t<h3>Evaluaci\u00f3n<\/h3> \t\t\t\t\t\t\t\t\t\t\t\n\t\t\t\t\t\t\t\t\t\t\t\t\t\t\t\t\t\t\t\t\t\t\t\t\t\t\t\t\t\t\t\t\t\t\t\t\t\t\t\t\t\t\t\t\t\t\t\t\t\t\t\t\t\t\t\t<p>Hacemos un seguimiento de los resultados, compartimos los progresos y ajustamos la estrategia en funci\u00f3n de los datos y las reacciones.<\/p> \t\t\t\t\t\t\t\t\t\t\t\t\t\t\t\t\t\t\t\t\t\t\t\t\t\t\t\t\t\n\t\t\t\t\t\t<h4>It looks like you&#8217;re ready!<\/h4>\t\t\t\t\t\n\t\t\t<p>Has llegado hasta el final de esta p\u00e1gina. \u00a1Parece que est\u00e1 listo para invertir en crecimiento con el equipo de GetLead!<\/p>\t\t\n\t<a href=\"\/contact\">Estoy listo<\/a>\n\t\t\t\t<img decoding=\"async\" src=\"https:\/\/getlead.be\/wp-content\/uploads\/2025\/06\/ready.png\" alt=\"ready\" itemprop=\"image\" height=\"400\" width=\"377\" title=\"listo\" onerror=\"this.style.display='none'\" loading='lazy' \/>\n<h2>\n\t\t\tForma parte de las empresas que ya est\u00e1n creciendo con nosotros\t<\/h2>\nDescubre las empresas que se han asociado con nosotros para impulsar su crecimiento y \u00e9xito. \u00bfSer\u00e1s t\u00fa la pr\u00f3xima?\n\t\t\t\t\t\t<img decoding=\"async\" src=\"https:\/\/getlead.be\/wp-content\/uploads\/2024\/09\/skin-clinic-logo.png\" alt=\"\" data-no-lazy=\"1\" \/>\t\t\t\t\t\n\t\t\t\t\t\t<img decoding=\"async\" src=\"https:\/\/getlead.be\/wp-content\/uploads\/2024\/09\/logo-1.svg\" alt=\"\" data-no-lazy=\"1\" \/>\t\t\t\t\t\n\t\t\t\t\t\t<img decoding=\"async\" src=\"https:\/\/getlead.be\/wp-content\/uploads\/2024\/09\/logo.svg\" alt=\"\" data-no-lazy=\"1\" \/>\t\t\t\t\t\n\t\t\t\t\t\t<img decoding=\"async\" src=\"https:\/\/getlead.be\/wp-content\/uploads\/2024\/10\/01_Main_Logo_WHT.png\" alt=\"\" data-no-lazy=\"1\" \/>\t\t\t\t\t\n\t\t\t\t\t\t<img decoding=\"async\" src=\"https:\/\/getlead.be\/wp-content\/uploads\/2024\/09\/belgianbeautyclinics-logo.svg\" alt=\"\" data-no-lazy=\"1\" \/>\t\t\t\t\t\n\t\t\t\t\t\t<img decoding=\"async\" src=\"https:\/\/getlead.be\/wp-content\/uploads\/2024\/09\/recruitment-professional-logo-removebg-preview.png\" alt=\"\" data-no-lazy=\"1\" \/>\t\t\t\t\t\n\t\t\t\t\t\t<img decoding=\"async\" src=\"https:\/\/getlead.be\/wp-content\/uploads\/2024\/10\/envato-labs-image-edit-8.png\" alt=\"\" data-no-lazy=\"1\" \/>\t\t\t\t\t\n\t\t\t\t\t\t<img decoding=\"async\" src=\"https:\/\/getlead.be\/wp-content\/uploads\/2024\/10\/PDlogo_big_gradblue.png\" alt=\"\" data-no-lazy=\"1\" \/>\t\t\t\t\t\n\t\t\t\t\t\t<img decoding=\"async\" src=\"https:\/\/getlead.be\/wp-content\/uploads\/2025\/06\/the-laser-clinic-logo.svg\" alt=\"\" data-no-lazy=\"1\" \/>\t\t\t\t\t\n\t\t\t\t\t\t<img decoding=\"async\" src=\"https:\/\/getlead.be\/wp-content\/uploads\/2025\/06\/logo-dst_9063355f.svg\" alt=\"\" data-no-lazy=\"1\" \/>\t\t\t\t\t\n\t\t\t<button>Siguiente<\/button>\n\t\t<button>Anterior<\/button>\n\t\t\t\t<img decoding=\"async\" src=\"https:\/\/getlead.be\/wp-content\/uploads\/2024\/06\/getlead_logo.svg\" alt=\"getlead_logo\" itemprop=\"image\" title=\"getlead_logo\" onerror=\"this.style.display='none'\" loading='lazy' \/>\n\t\t\t\t\t\t<h4>Preguntas frecuentes sobre marketing digital<\/h4>\t\t\t\t\t\n\t\t\t<p>Como agencia l\u00edder en marketing digital, nos esforzamos por ofrecer recursos educativos completos y responder a las preguntas m\u00e1s frecuentes para ayudar a nuestros clientes.<\/p>\t\t\n\t\t\t\t<a href=\"\/contact\" role=\"button\" target=\"_self\">\n\t\t\t\t\t\t\t\t\t\tM\u00e1s preguntas\n\t\t\t\t\t\t\t\t\t<\/a>\n\t\t\t\t\u00bfPuede prometernos resultados?\n\t\t\t\t<p>En nuestra agencia de marketing no hacemos promesas ni garantizamos resultados concretos. Somos profesionales del marketing, no magos. Sin embargo, lo que s\u00ed podemos prometer es que empezaremos por comprender a fondo su negocio, sus objetivos y sus metas. A partir de ah\u00ed, desarrollaremos una estrategia clara y eficaz basada en datos reales. Nuestro enfoque est\u00e1 dise\u00f1ado para maximizar su potencial de \u00e9xito a trav\u00e9s de una toma de decisiones informada y estrat\u00e9gica.<\/p>\n\t\t\t\t\u00bfPor qu\u00e9 es importante el marketing digital para mi empresa?\n\t\t\t\t<p>Con el marketing digital, las empresas pueden llegar a un p\u00fablico m\u00e1s amplio y captar su atenci\u00f3n, generar clientes potenciales, atraer tr\u00e1fico a su sitio web y aumentar la visibilidad de su marca. Ofrece resultados cuantificables, permite realizar acciones de marketing espec\u00edficas y ajustar y optimizar sus estrategias en funci\u00f3n de los datos y la informaci\u00f3n disponible.<\/p>\n\t\t\t\t\u00bfC\u00f3mo puede ayudar el marketing digital a mejorar la visibilidad de mi sitio web?\n\t\t\t\t<p>Digital marketing can improve the visibility of your website through strategies such as search engine optimization (SEO), search engine advertising (SEA), content marketing, and social media marketing. These strategies help your website rank higher in search engines, attract more traffic, and increase your brand&#8217;s recognition among a larger audience.<\/p>\n\t\t\t\t\u00bfCu\u00e1nto tiempo se tarda en ver los resultados de los esfuerzos de marketing digital?\n<p>El tiempo que se tarda en ver los resultados de los esfuerzos de marketing digital var\u00eda en funci\u00f3n de las estrategias empleadas y del estado actual de su presencia en l\u00ednea. En el caso de la SEO, los resultados apreciables pueden tardar unos meses, mientras que la EAE y el marketing en redes sociales suelen producir resultados mensurables m\u00e1s r\u00e1pidamente, a veces en unas pocas semanas. En general, el esfuerzo constante y la optimizaci\u00f3n continua son esenciales para lograr resultados sostenibles.<\/p>\n<p>\u00a0<\/p>\n\u00a0\n\u00a0\n\t\t\t\t\u00bfCu\u00e1les son los indicadores clave de rendimiento (KPI) que hay que controlar en el marketing digital?\n\t\t\t\t<p>Los indicadores clave de rendimiento (KPI) del marketing digital incluyen el tr\u00e1fico del sitio web, la tasa de conversi\u00f3n, el coste por adquisici\u00f3n (CPA), la tasa de clics (CTR), los visitantes que regresan, la tasa de rebote y el ROI (retorno de la inversi\u00f3n). Estos KPI ayudan a las empresas a medir la eficacia de sus campa\u00f1as de marketing y a saber qu\u00e9 estrategias tienen m\u00e1s \u00e9xito.<\/p>","protected":false},"excerpt":{"rendered":"<p>From first meeting to lasting impact. Our way of working is designed to deliver growth. From the first intake to strategy, execution, and evaluation &#8211; every phase is tailored to your goals, backed by data, and focused on results that truly make a difference. Book a meeting The process of our collaboration Introduction We get&hellip;<\/p>","protected":false},"author":1,"featured_media":0,"parent":0,"menu_order":0,"comment_status":"closed","ping_status":"closed","template":"","meta":{"_acf_changed":false,"inline_featured_image":false,"footnotes":""},"class_list":["post-904","page","type-page","status-publish","hentry"],"acf":[],"_links":{"self":[{"href":"https:\/\/getlead.be\/es\/wp-json\/wp\/v2\/pages\/904","targetHints":{"allow":["GET"]}}],"collection":[{"href":"https:\/\/getlead.be\/es\/wp-json\/wp\/v2\/pages"}],"about":[{"href":"https:\/\/getlead.be\/es\/wp-json\/wp\/v2\/types\/page"}],"author":[{"embeddable":true,"href":"https:\/\/getlead.be\/es\/wp-json\/wp\/v2\/users\/1"}],"replies":[{"embeddable":true,"href":"https:\/\/getlead.be\/es\/wp-json\/wp\/v2\/comments?post=904"}],"version-history":[{"count":6,"href":"https:\/\/getlead.be\/es\/wp-json\/wp\/v2\/pages\/904\/revisions"}],"predecessor-version":[{"id":1024,"href":"https:\/\/getlead.be\/es\/wp-json\/wp\/v2\/pages\/904\/revisions\/1024"}],"wp:attachment":[{"href":"https:\/\/getlead.be\/es\/wp-json\/wp\/v2\/media?parent=904"}],"curies":[{"name":"wp","href":"https:\/\/api.w.org\/{rel}","templated":true}]}}